{"id":1447,"date":"2023-10-27T17:52:35","date_gmt":"2023-10-27T15:52:35","guid":{"rendered":"https:\/\/www.priscillecolletjean.com\/?page_id=1447"},"modified":"2023-10-27T18:53:16","modified_gmt":"2023-10-27T16:53:16","slug":"accueil","status":"publish","type":"page","link":"https:\/\/www.priscillecolletjean.com\/","title":{"rendered":"Accueil"},"content":{"rendered":"<div class=\"wpb-content-wrapper\">[vc_row][vc_column width=&#8221;1\/4&#8243;][vc_single_image image=&#8221;1373&#8243; img_size=&#8221;medium&#8221; style=&#8221;vc_box_outline&#8221; border_color=&#8221;green&#8221;][\/vc_column][vc_column width=&#8221;3\/4&#8243;][vc_column_text]\n<h1 style=\"text-align: center;\">Changer sa perception pour changer sa r\u00e9action<\/h1>\n[\/vc_column_text][gt3_spacing height=&#8221;16px&#8221;][vc_separator style=&#8221;shadow&#8221; border_width=&#8221;3&#8243; el_width=&#8221;40&#8243;][gt3_spacing height=&#8221;16px&#8221;][vc_column_text]\n<p style=\"text-align: center;\"><em>Psychopraticienne sp\u00e9cialis\u00e9e en<span>\u00a0<\/span><strong>th\u00e9rapies br\u00e8ves<\/strong><span>\u00a0<\/span>selon le mod\u00e8le de Palo Alto, dipl\u00f4m\u00e9e Paris 7<br \/>\n<\/em><em>Syst\u00e9micienne, clinicienne de la relation<br \/>\n<\/em><em>Business coach syst\u00e9mique et strat\u00e9gique, certifi\u00e9e Paris 8<\/em><\/p>\n[\/vc_column_text][gt3_spacing height=&#8221;32px&#8221;][vc_btn title=&#8221;PSYCHOTHERAPIE INDIVIDUELLE ET COLLECTIVE&#8221; style=&#8221;custom&#8221; custom_background=&#8221;#0b5345&#8243; custom_text=&#8221;#ffffff&#8221; shape=&#8221;square&#8221; size=&#8221;lg&#8221; align=&#8221;center&#8221; button_block=&#8221;true&#8221; link=&#8221;url:https%3A%2F%2Fwww.priscillecolletjean.com%2Findex.php%2Fpsychotherapie%2F|title:Psychoth%C3%A9rapie&#8221;][vc_btn title=&#8221;COACHING ET ACCOMPAGNEMENT PROFESSIONNEL&#8221; style=&#8221;custom&#8221; custom_background=&#8221;#0b5345&#8243; custom_text=&#8221;#ffffff&#8221; shape=&#8221;square&#8221; size=&#8221;lg&#8221; align=&#8221;center&#8221; button_block=&#8221;true&#8221; link=&#8221;url:https%3A%2F%2Fwww.priscillecolletjean.com%2Findex.php%2Faccompagnement-professionnel%2F|title:Accompagnement%20professionnel&#8221;][\/vc_column][\/vc_row][vc_row][vc_column][gt3_spacing height=&#8221;32px&#8221;][\/vc_column][\/vc_row][vc_row full_width=&#8221;stretch_row_content&#8221; css=&#8221;.vc_custom_1698425594506{background-color: #0b5345 !important;}&#8221;][vc_column][gt3_spacing height=&#8221;16px&#8221;][\/vc_column][\/vc_row]\n<\/div>","protected":false},"excerpt":{"rendered":"<p>[vc_row][vc_column width=&#8221;1\/4&#8243;][vc_single_image image=&#8221;1373&#8243; img_size=&#8221;medium&#8221; style=&#8221;vc_box_outline&#8221; border_color=&#8221;green&#8221;][\/vc_column][vc_column width=&#8221;3\/4&#8243;][vc_column_text] Changer sa perception pour changer sa r\u00e9action [\/vc_column_text][gt3_spacing height=&#8221;16px&#8221;][vc_separator style=&#8221;shadow&#8221; border_width=&#8221;3&#8243; el_width=&#8221;40&#8243;][gt3_spacing height=&#8221;16px&#8221;][vc_column_text] Psychopraticienne sp\u00e9cialis\u00e9e en\u00a0th\u00e9rapies br\u00e8ves\u00a0selon le mod\u00e8le de Palo Alto, dipl\u00f4m\u00e9e Paris 7 Syst\u00e9micienne, clinicienne de la relation Business coach syst\u00e9mique et strat\u00e9gique, certifi\u00e9e Paris 8 [\/vc_column_text][gt3_spacing height=&#8221;32px&#8221;][vc_btn title=&#8221;PSYCHOTHERAPIE INDIVIDUELLE ET COLLECTIVE&#8221; style=&#8221;custom&#8221; custom_background=&#8221;#0b5345&#8243; custom_text=&#8221;#ffffff&#8221; shape=&#8221;square&#8221; [&hellip;]<\/p>\n","protected":false},"author":1,"featured_media":0,"parent":0,"menu_order":0,"comment_status":"closed","ping_status":"closed","template":"","meta":{"footnotes":""},"class_list":["post-1447","page","type-page","status-publish","hentry"],"_links":{"self":[{"href":"https:\/\/www.priscillecolletjean.com\/index.php\/wp-json\/wp\/v2\/pages\/1447","targetHints":{"allow":["GET"]}}],"collection":[{"href":"https:\/\/www.priscillecolletjean.com\/index.php\/wp-json\/wp\/v2\/pages"}],"about":[{"href":"https:\/\/www.priscillecolletjean.com\/index.php\/wp-json\/wp\/v2\/types\/page"}],"author":[{"embeddable":true,"href":"https:\/\/www.priscillecolletjean.com\/index.php\/wp-json\/wp\/v2\/users\/1"}],"replies":[{"embeddable":true,"href":"https:\/\/www.priscillecolletjean.com\/index.php\/wp-json\/wp\/v2\/comments?post=1447"}],"version-history":[{"count":30,"href":"https:\/\/www.priscillecolletjean.com\/index.php\/wp-json\/wp\/v2\/pages\/1447\/revisions"}],"predecessor-version":[{"id":1488,"href":"https:\/\/www.priscillecolletjean.com\/index.php\/wp-json\/wp\/v2\/pages\/1447\/revisions\/1488"}],"wp:attachment":[{"href":"https:\/\/www.priscillecolletjean.com\/index.php\/wp-json\/wp\/v2\/media?parent=1447"}],"curies":[{"name":"wp","href":"https:\/\/api.w.org\/{rel}","templated":true}]}}