{"id":172,"date":"2023-09-29T19:08:34","date_gmt":"2023-09-29T17:08:34","guid":{"rendered":"https:\/\/www.priscillecolletjean.com\/?page_id=172"},"modified":"2024-12-23T11:55:57","modified_gmt":"2024-12-23T10:55:57","slug":"psychotherapie","status":"publish","type":"page","link":"https:\/\/www.priscillecolletjean.com\/index.php\/psychotherapie\/","title":{"rendered":"Psychoth\u00e9rapie"},"content":{"rendered":"<div class=\"wpb-content-wrapper\">[vc_row][vc_column][vc_column_text]\n<h1 style=\"text-align: center;\">Changer sa perception pour changer sa r\u00e9action<\/h1>\n[\/vc_column_text][gt3_spacing height=&#8221;32px&#8221;][vc_separator style=&#8221;shadow&#8221; border_width=&#8221;3&#8243; el_width=&#8221;40&#8243; css_animation=&#8221;none&#8221;][gt3_spacing height=&#8221;16px&#8221;][gt3_custom_text text_color=&#8221;#5c656d&#8221; font_size=&#8221;16&#8243;]\n<p style=\"text-align: center;\"><em>Psychopraticienne sp\u00e9cialis\u00e9e en <strong>th\u00e9rapies br\u00e8ves<\/strong> selon le mod\u00e8le de Palo Alto, dipl\u00f4m\u00e9e Paris 7<br \/>\n<\/em><em>Syst\u00e9micienne, clinicienne de la relation<\/em><\/p>\n[\/gt3_custom_text][gt3_spacing height=&#8221;32px&#8221;][\/vc_column][\/vc_row][vc_row][vc_column width=&#8221;1\/3&#8243;][vc_single_image image=&#8221;1530&#8243; img_size=&#8221;medium&#8221; alignment=&#8221;center&#8221; style=&#8221;vc_box_outline&#8221;][gt3_spacing height=&#8221;16px&#8221;][vc_column_text]\n<h3 style=\"text-align: center;\">Traverser ses \u00e9motions<\/h3>\n[\/vc_column_text][gt3_spacing height=&#8221;16px&#8221;][vc_column_text]Les \u00e9motions sont des informations, elles sont pr\u00e9cieuses et pour qu&#8217;elles nous quittent il faut avant tout qu&#8217;elles nous traversent. Accueillir nos \u00e9motions afin qu&#8217;elles nous guident telle une boussole.[\/vc_column_text][gt3_spacing height=&#8221;16px&#8221;][gt3_button button_title=&#8221;En savoir plus &#8230;&#8221; button_alignment=&#8221;center&#8221; btn_border_radius=&#8221;10px&#8221; link=&#8221;url:https%3A%2F%2Fwww.priscillecolletjean.com%2Findex.php%2Ftraverser-ses-emotions%2F|title:Traverser%20ses%20%C3%A9motions&#8221;][\/vc_column][vc_column width=&#8221;1\/3&#8243;][vc_single_image image=&#8221;1382&#8243; img_size=&#8221;medium&#8221; alignment=&#8221;center&#8221; style=&#8221;vc_box_shadow_border&#8221;][gt3_spacing height=&#8221;16px&#8221;][vc_column_text]\n<h3 style=\"text-align: center;\">Sortir du traumatisme<\/h3>\n[\/vc_column_text][gt3_spacing height=&#8221;16px&#8221;][vc_column_text]<span>Selon l\u2019Organisation Mondiale de la Sant\u00e9, environ 6% de la population mondiale souffrira de stress post-traumatique au cours de sa vie. Il est possible d&#8217;en gu\u00e9rir. Du traumatisme, \u00e0 la gu\u00e9rison&#8230; <\/span>[\/vc_column_text][gt3_spacing height=&#8221;16px&#8221;][gt3_button button_title=&#8221;En savoir plus &#8230;&#8221; button_alignment=&#8221;center&#8221; btn_border_radius=&#8221;10px&#8221; link=&#8221;url:https%3A%2F%2Fwww.priscillecolletjean.com%2Findex.php%2Fsortir-du-traumatisme%2F|title:Sortir%20du%20traumatisme&#8221;][\/vc_column][vc_column width=&#8221;1\/3&#8243;][vc_single_image image=&#8221;1362&#8243; img_size=&#8221;medium&#8221; alignment=&#8221;center&#8221; style=&#8221;vc_box_outline&#8221;][gt3_spacing height=&#8221;16px&#8221;][vc_column_text]\n<h3 style=\"text-align: center;\">Se lib\u00e9rer de l&#8217;emprise<\/h3>\n[\/vc_column_text][gt3_spacing height=&#8221;16px&#8221;][vc_column_text]<span>Etre sous emprise, c&#8217;est avoir perdu son autonomie et son pouvoir personnel en raison d\u2019une relation de domination exerc\u00e9e par une autre personne, par un groupe ou par une substance.\u00a0<\/span>[\/vc_column_text][gt3_spacing height=&#8221;16px&#8221;][gt3_button button_title=&#8221;En savoir plus &#8230;&#8221; button_alignment=&#8221;center&#8221; btn_border_radius=&#8221;10px&#8221; link=&#8221;url:https%3A%2F%2Fwww.priscillecolletjean.com%2Findex.php%2Fse-liberer-de-lemprise%2F|title:Se%20lib%C3%A9rer%20de%20l%E2%80%99emprise&#8221;][\/vc_column][\/vc_row][vc_row full_width=&#8221;stretch_row&#8221; css=&#8221;.vc_custom_1696350812665{background-color: #45b39d !important;}&#8221;][vc_column][gt3_spacing height=&#8221;32px&#8221;][vc_column_text]\n<h1 style=\"text-align: center;\"><span style=\"color: #ffffff;\">Mon approche, mes valeurs, mon\u00a0 parcours<\/span><\/h1>\n[\/vc_column_text][gt3_spacing height=&#8221;32px&#8221;][vc_separator style=&#8221;shadow&#8221; border_width=&#8221;3&#8243; el_width=&#8221;40&#8243;][gt3_spacing height=&#8221;32px&#8221;][\/vc_column][\/vc_row][vc_row full_width=&#8221;stretch_row&#8221; css=&#8221;.vc_custom_1696350946354{background-color: #45b39d !important;}&#8221;][vc_column width=&#8221;1\/2&#8243; css=&#8221;.vc_custom_1696350926987{background-color: #45b39d !important;}&#8221;][vc_single_image image=&#8221;1104&#8243; img_size=&#8221;large&#8221; alignment=&#8221;center&#8221; style=&#8221;vc_box_shadow_border&#8221;][\/vc_column][vc_column width=&#8221;1\/2&#8243; css=&#8221;.vc_custom_1696350937451{background-color: #45b39d !important;}&#8221;][gt3_spacing height=&#8221;16px&#8221;][vc_column_text]<span style=\"color: #ffffff;\">Sp\u00e9cialiste des th\u00e9rapies br\u00e8ves, je travaille selon le mod\u00e8le syst\u00e9mique et strat\u00e9gique de l&#8217;\u00e9cole de Palo Alto. En clair, mon approche est avant tout pragmatique et concr\u00e8te. Je m\u2019attache \u00e0 \u00e9tudier les probl\u00e8mes tels qu\u2019ils fonctionnent, ou plut\u00f4t dysfonctionnent, dans la vie de mes patient.es dans l\u2019ici et maintenant. Je travaille sur les processus \u00e0 l\u2019\u0153uvre afin de d\u00e9terminer comment ils fonctionnent et non pas pourquoi ils existent et ce afin de les faire fonctionner autrement. Le maitre mot est donc <em><strong>comment<\/strong><\/em> et non pas <em>pourquoi<\/em>, suivant une logique circulaire et non lin\u00e9aire.<\/span>[\/vc_column_text][gt3_spacing height=&#8221;16px&#8221;][gt3_button button_title=&#8221;En savoir plus sur mon approche&#8221; button_alignment=&#8221;center&#8221; btn_border_radius=&#8221;10px&#8221; link=&#8221;url:https%3A%2F%2Fwww.priscillecolletjean.com%2Findex.php%2Fmon-approche%2F|title:Mon%20approche&#8221;][gt3_spacing height=&#8221;16px&#8221;][vc_column_text]<span style=\"color: #ffffff;\">A 14 ans, ma vocation \u00e9tait claire\u00a0: \u00ab\u00a0quand je serai grande je serai psychologue\u00a0\u00bb. La vie en a d\u00e9cid\u00e9 autrement, mais pas moi.<\/span>[\/vc_column_text][gt3_spacing height=&#8221;16px&#8221;][gt3_button button_title=&#8221;En savoir plus sur mon parcours&#8221; button_alignment=&#8221;center&#8221; btn_border_radius=&#8221;10px&#8221; link=&#8221;url:https%3A%2F%2Fwww.priscillecolletjean.com%2Findex.php%2Fmon-parcours%2F|title:Mon%20parcours&#8221;][\/vc_column][\/vc_row][vc_row][vc_column][gt3_spacing height=&#8221;32px&#8221;][vc_column_text]\n<h1 style=\"text-align: center;\">T\u00e9moignages<\/h1>\n[\/vc_column_text][gt3_spacing height=&#8221;32px&#8221;][vc_separator style=&#8221;shadow&#8221; border_width=&#8221;3&#8243; el_width=&#8221;40&#8243;][gt3_spacing height=&#8221;32px&#8221;][gt3_testimonials view_type=&#8221;type3&#8243; carousel_arrows=&#8221;dots&#8221; auto_play_time=&#8221;5000&#8243; testimonilas_text_size=&#8221;16&#8243; img_width=&#8221;0&#8243; img_height=&#8221;0&#8243; round_imgs=&#8221;&#8221;][gt3_testimonial_item tstm_author=&#8221;St\u00e9phanie, 37 ans&#8221; select_rate=&#8221;none&#8221;]<span>J\u2019ai toujours \u00e9t\u00e9 en surpoids et la nourriture \u00e9tait une vraie obsession depuis mon enfance. Ma vie \u00e9tait rythm\u00e9e par les r\u00e9gimes drastiques et les p\u00e9riodes de craquages intenses. Mon esprit n\u2019avait de place que pour le poids, mon apparence et la nourriture. Et ma confiance en moi dans tout \u00e7a \u2026. Quasi inexistante.\u00a0<\/span><\/p>\n<p><span>Priscille m\u2019a \u00e9t\u00e9 d\u2019une immense aide et je ne la remercierai jamais assez. Elle m\u2019a appris \u00e0 me reconnecter \u00e0 mes \u00e9motions, \u00e0 mes sensations. J\u2019ai d\u00fb apprendre ce qui, pour la plupart des gens, est instinctif.\u00a0<\/span><\/p>\n<p><span>Et j\u2019y suis parvenue ! Aujourd\u2019hui je reprends confiance en moi. Je me sens beaucoup mieux dans mon corps et dans ma t\u00eate. J\u2019ai m\u00eame de la place pour des projets. La nourriture n\u2019est pour moi plus un probl\u00e8me. Je mange quand j\u2019ai faim ou quand j\u2019en ai vraiment envie.\u00a0<\/span><\/p>\n<p><span>Je sais \u00e0 quelle point l\u2019alimentation et les probl\u00e8mes de poids peuvent cr\u00e9er des souffrances. N\u2019h\u00e9sitez pas \u00e0 demander de l\u2019aide. Priscille est d\u2019un grand professionnalisme, \u00e0 l\u2019\u00e9coute et r\u00e9confortante. Vous aussi vous pouvez retrouver une vie paisible !\u00a0<\/span>[\/gt3_testimonial_item][gt3_testimonial_item tstm_author=&#8221;Marilou, 21 ans&#8221; select_rate=&#8221;none&#8221;]<span>J&#8217;ai eu la chance de consulter Priscille lors d&#8217;une p\u00e9riode de grande d\u00e9tresse due \u00e0 un stress intense et une rupture amoureuse difficile. Sa bienveillance, son \u00e9coute attentive et son accompagnement \u00e9clair\u00e9 m&#8217;ont apport\u00e9 un soutien inestimable.<\/span><\/p>\n<p><span>Gr\u00e2ce \u00e0 sa guidance experte, j&#8217;ai pu surmonter ces \u00e9preuves et retrouver l&#8217;\u00e9quilibre dans ma vie. Je suis profond\u00e9ment reconnaissante pour son accompagnement exceptionnel.<\/span>[\/gt3_testimonial_item][gt3_testimonial_item tstm_author=&#8221;Patricia&#8221; select_rate=&#8221;none&#8221;]<span>Priscille a ce don de vous cerner tr\u00e8s rapidement, poser les bons mots, et vous aider \u00e0 trouver le chemin de la s\u00e9r\u00e9nit\u00e9.<\/span><br \/>\n<span>Je vous recommande chaleureusement son professionnalisme, et ses qualit\u00e9s humaines.<\/span>[\/gt3_testimonial_item][gt3_testimonial_item tstm_author=&#8221;Maylis&#8221; select_rate=&#8221;none&#8221;]<span>Priscille est une th\u00e9rapeute s\u00e9rieuse, impliqu\u00e9e, consciencieuse et tr\u00e8s bienveillante. Elle est fid\u00e8le \u00e0 notre mod\u00e8le de th\u00e9rapie (\u00c9cole de Palo-Alto) particuli\u00e8rement efficace dans la r\u00e9solution des troubles rebelles et dans la r\u00e9gulation des relations. <\/span><br \/>\n<span>Je suis bien plac\u00e9e pour t\u00e9moigner de cela puisque Priscille me consulte pour superviser son travail. <\/span><br \/>\n<span>Je recommande sans r\u00e9serve !<\/span>[\/gt3_testimonial_item][gt3_testimonial_item tstm_author=&#8221;Tiphaine&#8221; select_rate=&#8221;none&#8221;]<span>Priscille m&#8217;a accompagn\u00e9 quelques mois pour m&#8217;aider \u00e0 traverser une p\u00e9riode remuante de ma vie. Elle a \u00e9t\u00e9 d&#8217;une attention, d&#8217;une d\u00e9licatesse et d&#8217;une empathie sinc\u00e8res. Je me suis tr\u00e8s vite sentie \u00e9cout\u00e9e et en confiance, ce qui m&#8217;aura sans aucun doute permis d&#8217;avancer plus vite&#8230; Merci Priscille pour cette aide \u00e0 m&#8217;aligner encore un peu plus avec moi.<\/span>[\/gt3_testimonial_item][\/gt3_testimonials][gt3_spacing height=&#8221;32px&#8221;][vc_column_text]\n<p style=\"text-align: center;\">D&#8217;autres t\u00e9moignages sur ma page <a href=\"https:\/\/www.psychologue.net\/cabinets\/priscille-collet-jean\" target=\"_blank\" rel=\"noopener\">https:\/\/www.psychologue.net\/cabinets\/priscille-collet-jean<\/a><\/p>\n[\/vc_column_text][\/vc_column][\/vc_row][vc_row][vc_column][gt3_spacing height=&#8221;32px&#8221;][vc_column_text]\n<h1 style=\"text-align: center;\">Mes honoraires<\/h1>\n[\/vc_column_text][gt3_spacing height=&#8221;32px&#8221;][vc_separator style=&#8221;shadow&#8221; border_width=&#8221;3&#8243; el_width=&#8221;40&#8243;][gt3_spacing height=&#8221;32px&#8221;][gt3_spacing height=&#8221;32px&#8221;][\/vc_column][\/vc_row][vc_row][vc_column width=&#8221;1\/3&#8243;][gt3_price_block title=&#8221;Enfant, adolescent, adulte&#8221; price=&#8221;80&#8243; price_suffix=&#8221;\u20ac&#8221; price_description=&#8221;50 minutes&#8221;]Consultation de th\u00e9rapie individuelle[\/gt3_price_block][gt3_spacing height=&#8221;32px&#8221;][gt3_button button_title=&#8221;Me contacter&#8221; button_alignment=&#8221;center&#8221; link=&#8221;url:mailto%3Apriscillecolletjean%40gmail.com&#8221;][\/vc_column][vc_column width=&#8221;1\/3&#8243;][gt3_price_block title=&#8221;COUPLE ET FAMILLE&#8221; price=&#8221;100&#8243; price_suffix=&#8221;\u20ac&#8221; price_description=&#8221;1 heure&#8221;]Consultation de th\u00e9rapie collective[\/gt3_price_block][gt3_spacing height=&#8221;32px&#8221;][gt3_button button_title=&#8221;Me contacter&#8221; button_alignment=&#8221;center&#8221; link=&#8221;url:mailto%3Apriscillecolletjean%40gmail.com&#8221;][\/vc_column][vc_column width=&#8221;1\/3&#8243;][gt3_price_block title=&#8221;Professionnels&#8221; price=&#8221;sur devis&#8221; price_description=&#8221;Dur\u00e9e variable&#8221;]Coaching individuel ou collectif[\/gt3_price_block][gt3_spacing height=&#8221;32px&#8221;][gt3_button button_title=&#8221;Me contacter&#8221; button_alignment=&#8221;center&#8221; link=&#8221;url:mailto%3Apriscillecolletjean%40gmail.com&#8221;][\/vc_column][\/vc_row][vc_row][vc_column][gt3_spacing height=&#8221;32px&#8221;][vc_column_text]\n<h1 style=\"text-align: center;\">Mes lectures<\/h1>\n[\/vc_column_text][gt3_spacing height=&#8221;32px&#8221;][vc_separator style=&#8221;shadow&#8221; border_width=&#8221;3&#8243; el_width=&#8221;40&#8243;][gt3_spacing height=&#8221;32px&#8221;][vc_column_text]\n<p style=\"text-align: center;\">Si le mod\u00e8le de Palo Alto et ses applications vous int\u00e9ressent, voici les lectures que je vous recommande.<\/p>\n[\/vc_column_text][gt3_spacing height=&#8221;32px&#8221;][gt3_blog items_per_line=&#8221;3&#8243; build_query=&#8221;size:3|order_by:date|order:DESC&#8221;][gt3_spacing height=&#8221;32px&#8221;][\/vc_column][\/vc_row][vc_row full_width=&#8221;stretch_row&#8221; disable_element=&#8221;yes&#8221; css=&#8221;.vc_custom_1696612089456{background-color: #45b39d !important;}&#8221;][vc_column][gt3_spacing height=&#8221;32px&#8221;][vc_column_text]\n<h1 style=\"text-align: center;\"><span style=\"color: #ffffff;\">Prendre Rdv<\/span><\/h1>\n[\/vc_column_text][gt3_spacing height=&#8221;32px&#8221;][vc_separator style=&#8221;shadow&#8221; border_width=&#8221;3&#8243; el_width=&#8221;40&#8243;][gt3_spacing height=&#8221;32px&#8221;][vc_column_text]\n<p style=\"text-align: center;\"><span style=\"color: #ffffff;\">Choisissez le cr\u00e9neau qui vous convient pour se rencontrer<\/span><\/p>\n[\/vc_column_text][vc_raw_html]JTNDJTIxLS0lMjBEJUMzJUE5YnV0JTIwZGUlMjB3aWRnZXQlMjBlbiUyMGxpZ25lJTIwQ2FsZW5kbHklMjAtLSUzRSUwQSUzQ2RpdiUyMGNsYXNzJTNEJTIyY2FsZW5kbHktaW5saW5lLXdpZGdldCUyMiUyMGRhdGEtdXJsJTNEJTIyaHR0cHMlM0ElMkYlMkZjYWxlbmRseS5jb20lMkZwcmlzY2lsbGVjb2xsZXRqZWFuJTIyJTIwc3R5bGUlM0QlMjJtaW4td2lkdGglM0EzMjBweCUzQmhlaWdodCUzQTcwMHB4JTNCJTIyJTNFJTNDJTJGZGl2JTNFJTBBJTNDc2NyaXB0JTIwdHlwZSUzRCUyMnRleHQlMkZqYXZhc2NyaXB0JTIyJTIwc3JjJTNEJTIyaHR0cHMlM0ElMkYlMkZhc3NldHMuY2FsZW5kbHkuY29tJTJGYXNzZXRzJTJGZXh0ZXJuYWwlMkZ3aWRnZXQuanMlMjIlMjBhc3luYyUzRSUzQyUyRnNjcmlwdCUzRSUwQSUzQyUyMS0tJTIwRmluJTIwZGUlMjB3aWRnZXQlMjBlbiUyMGxpZ25lJTIwQ2FsZW5kbHklMjAtLSUzRQ==[\/vc_raw_html][\/vc_column][\/vc_row][vc_row full_width=&#8221;stretch_row&#8221; css=&#8221;.vc_custom_1696454668096{background-color: #0c5345 !important;}&#8221;][vc_column][gt3_spacing height=&#8221;16px&#8221;][\/vc_column][\/vc_row]\n<\/div>","protected":false},"excerpt":{"rendered":"<p>[vc_row][vc_column][vc_column_text] Changer sa perception pour changer sa r\u00e9action [\/vc_column_text][gt3_spacing height=&#8221;32px&#8221;][vc_separator style=&#8221;shadow&#8221; border_width=&#8221;3&#8243; el_width=&#8221;40&#8243; css_animation=&#8221;none&#8221;][gt3_spacing height=&#8221;16px&#8221;][gt3_custom_text text_color=&#8221;#5c656d&#8221; font_size=&#8221;16&#8243;] Psychopraticienne sp\u00e9cialis\u00e9e en th\u00e9rapies br\u00e8ves selon le mod\u00e8le de Palo Alto, dipl\u00f4m\u00e9e Paris 7 Syst\u00e9micienne, clinicienne de la relation [\/gt3_custom_text][gt3_spacing height=&#8221;32px&#8221;][\/vc_column][\/vc_row][vc_row][vc_column width=&#8221;1\/3&#8243;][vc_single_image image=&#8221;1530&#8243; img_size=&#8221;medium&#8221; alignment=&#8221;center&#8221; style=&#8221;vc_box_outline&#8221;][gt3_spacing height=&#8221;16px&#8221;][vc_column_text] Traverser ses \u00e9motions [\/vc_column_text][gt3_spacing height=&#8221;16px&#8221;][vc_column_text]Les \u00e9motions sont des informations, elles sont [&hellip;]<\/p>\n","protected":false},"author":1,"featured_media":0,"parent":0,"menu_order":0,"comment_status":"closed","ping_status":"closed","template":"","meta":{"footnotes":""},"class_list":["post-172","page","type-page","status-publish","hentry"],"_links":{"self":[{"href":"https:\/\/www.priscillecolletjean.com\/index.php\/wp-json\/wp\/v2\/pages\/172","targetHints":{"allow":["GET"]}}],"collection":[{"href":"https:\/\/www.priscillecolletjean.com\/index.php\/wp-json\/wp\/v2\/pages"}],"about":[{"href":"https:\/\/www.priscillecolletjean.com\/index.php\/wp-json\/wp\/v2\/types\/page"}],"author":[{"embeddable":true,"href":"https:\/\/www.priscillecolletjean.com\/index.php\/wp-json\/wp\/v2\/users\/1"}],"replies":[{"embeddable":true,"href":"https:\/\/www.priscillecolletjean.com\/index.php\/wp-json\/wp\/v2\/comments?post=172"}],"version-history":[{"count":87,"href":"https:\/\/www.priscillecolletjean.com\/index.php\/wp-json\/wp\/v2\/pages\/172\/revisions"}],"predecessor-version":[{"id":1546,"href":"https:\/\/www.priscillecolletjean.com\/index.php\/wp-json\/wp\/v2\/pages\/172\/revisions\/1546"}],"wp:attachment":[{"href":"https:\/\/www.priscillecolletjean.com\/index.php\/wp-json\/wp\/v2\/media?parent=172"}],"curies":[{"name":"wp","href":"https:\/\/api.w.org\/{rel}","templated":true}]}}