{"id":29,"date":"2023-09-22T18:33:29","date_gmt":"2023-09-22T16:33:29","guid":{"rendered":"https:\/\/www.priscillecolletjean.com\/?page_id=29"},"modified":"2023-12-05T15:35:31","modified_gmt":"2023-12-05T14:35:31","slug":"sortir-du-traumatisme","status":"publish","type":"page","link":"https:\/\/www.priscillecolletjean.com\/index.php\/sortir-du-traumatisme\/","title":{"rendered":"Sortir du traumatisme"},"content":{"rendered":"<div class=\"wpb-content-wrapper\">[vc_row][vc_column][vc_column_text]\n<h1 style=\"text-align: center;\">Sortir du traumatisme<\/h1>\n[\/vc_column_text][vc_separator style=&#8221;shadow&#8221; border_width=&#8221;3&#8243; el_width=&#8221;40&#8243;][gt3_spacing height=&#8221;32px&#8221;][\/vc_column][\/vc_row][vc_row][vc_column width=&#8221;1\/4&#8243;][vc_single_image image=&#8221;1382&#8243; img_size=&#8221;medium&#8221; style=&#8221;vc_box_shadow_border&#8221;][\/vc_column][vc_column width=&#8221;3\/4&#8243;][vc_column_text]Quand le pass\u00e9 ne passe pas. Parfois le pass\u00e9 r\u00e9sonne dans le pr\u00e9sent : flashs, r\u00e9miniscences, sympt\u00f4mes physiques, cauchemars\u2026 Un trauma qu\u2019on voudrait mettre sous le tapis, et qu\u2019on s\u2019efforce d\u2019oublier ne fait malheureusement que se renforcer. Lutter contre son existence le renforce.<\/p>\n<p>Regarder cette blessure en face, accepter sa souffrance permet de remettre le pass\u00e9 \u00e0 sa place et vivre \u00e0 nouveau dans le pr\u00e9sent.<\/p>\n<p>Je propose de vous accompagner, pas \u00e0 pas, dans cette travers\u00e9e qui redonne du sens au pass\u00e9 et vous permet de le remettre \u00e0 sa place.[\/vc_column_text][\/vc_column][\/vc_row][vc_row][vc_column][gt3_spacing height=&#8221;32px&#8221;][\/vc_column][\/vc_row][vc_row full_width=&#8221;stretch_row_content&#8221; css=&#8221;.vc_custom_1698425919672{background-color: #0b5345 !important;}&#8221;][vc_column][gt3_spacing height=&#8221;16px&#8221;][\/vc_column][\/vc_row]\n<\/div>","protected":false},"excerpt":{"rendered":"<p>[vc_row][vc_column][vc_column_text] Sortir du traumatisme [\/vc_column_text][vc_separator style=&#8221;shadow&#8221; border_width=&#8221;3&#8243; el_width=&#8221;40&#8243;][gt3_spacing height=&#8221;32px&#8221;][\/vc_column][\/vc_row][vc_row][vc_column width=&#8221;1\/4&#8243;][vc_single_image image=&#8221;1382&#8243; img_size=&#8221;medium&#8221; style=&#8221;vc_box_shadow_border&#8221;][\/vc_column][vc_column width=&#8221;3\/4&#8243;][vc_column_text]Quand le pass\u00e9 ne passe pas. Parfois le pass\u00e9 r\u00e9sonne dans le pr\u00e9sent : flashs, r\u00e9miniscences, sympt\u00f4mes physiques, cauchemars\u2026 Un trauma qu\u2019on voudrait mettre sous le tapis, et qu\u2019on s\u2019efforce d\u2019oublier ne fait malheureusement que se renforcer. Lutter contre son existence le [&hellip;]<\/p>\n","protected":false},"author":1,"featured_media":68,"parent":0,"menu_order":0,"comment_status":"closed","ping_status":"closed","template":"","meta":{"footnotes":""},"class_list":["post-29","page","type-page","status-publish","has-post-thumbnail","hentry"],"_links":{"self":[{"href":"https:\/\/www.priscillecolletjean.com\/index.php\/wp-json\/wp\/v2\/pages\/29","targetHints":{"allow":["GET"]}}],"collection":[{"href":"https:\/\/www.priscillecolletjean.com\/index.php\/wp-json\/wp\/v2\/pages"}],"about":[{"href":"https:\/\/www.priscillecolletjean.com\/index.php\/wp-json\/wp\/v2\/types\/page"}],"author":[{"embeddable":true,"href":"https:\/\/www.priscillecolletjean.com\/index.php\/wp-json\/wp\/v2\/users\/1"}],"replies":[{"embeddable":true,"href":"https:\/\/www.priscillecolletjean.com\/index.php\/wp-json\/wp\/v2\/comments?post=29"}],"version-history":[{"count":12,"href":"https:\/\/www.priscillecolletjean.com\/index.php\/wp-json\/wp\/v2\/pages\/29\/revisions"}],"predecessor-version":[{"id":1523,"href":"https:\/\/www.priscillecolletjean.com\/index.php\/wp-json\/wp\/v2\/pages\/29\/revisions\/1523"}],"wp:featuredmedia":[{"embeddable":true,"href":"https:\/\/www.priscillecolletjean.com\/index.php\/wp-json\/wp\/v2\/media\/68"}],"wp:attachment":[{"href":"https:\/\/www.priscillecolletjean.com\/index.php\/wp-json\/wp\/v2\/media?parent=29"}],"curies":[{"name":"wp","href":"https:\/\/api.w.org\/{rel}","templated":true}]}}