{"id":31,"date":"2023-09-22T18:33:20","date_gmt":"2023-09-22T16:33:20","guid":{"rendered":"https:\/\/www.priscillecolletjean.com\/?page_id=31"},"modified":"2023-12-05T12:06:59","modified_gmt":"2023-12-05T11:06:59","slug":"se-liberer-de-lemprise","status":"publish","type":"page","link":"https:\/\/www.priscillecolletjean.com\/index.php\/se-liberer-de-lemprise\/","title":{"rendered":"Se lib\u00e9rer de l&#8217;emprise"},"content":{"rendered":"<div class=\"wpb-content-wrapper\">[vc_row][vc_column][vc_column_text]\n<h1 style=\"text-align: center;\">Se lib\u00e9rer de l&#8217;emprise<\/h1>\n[\/vc_column_text][vc_separator style=&#8221;shadow&#8221; border_width=&#8221;3&#8243; el_width=&#8221;40&#8243;][gt3_spacing height=&#8221;32px&#8221;][\/vc_column][\/vc_row][vc_row][vc_column width=&#8221;1\/4&#8243;][vc_single_image image=&#8221;1362&#8243; img_size=&#8221;medium&#8221; style=&#8221;vc_box_shadow_border&#8221;][\/vc_column][vc_column width=&#8221;3\/4&#8243;][vc_column_text]<i><span style=\"font-weight: 400;\">\u00ab\u00a0C\u2019est plus fort que moi, je le veux mais je n\u2019y arrive pas.\u00a0\u00bb<\/span><\/i><\/p>\n<p>Perdre du poids ou en prendre, accepter son corps et son image, remettre la nourriture \u00e0 sa juste place. Mais aussi mettre fin \u00e0 une relation toxique, sortir de l\u2019addiction, que ce soit la boisson ou la cigarette\u2026<\/p>\n<p>Quelle que soit la nature de l\u2019emprise, elle fait souffrir, isole et d\u00e9t\u00e9riore l\u2019image de la personne. \u00a0La volont\u00e9 seule est alors inutile\u00a0: comme dans des sables mouvants, plus on se d\u00e9bat plus on s\u2019enfonce.<\/p>\n<p>Observer comment ce syst\u00e8me fonctionne permet de le comprendre et de trouver ce qui peut \u00eatre fait autrement. Il s\u2019agit alors de changer petit \u00e0 petit son comportement, pour que les bienfaits s\u2019inscrivent dans le temps et que la personne retrouve sa libert\u00e9.<\/p>\n<p>C\u2019est sur ce chemin de d\u00e9couverte de vous-m\u00eame que je propose de vous accompagner pour adopter progressivement des comportements diff\u00e9rents.[\/vc_column_text][\/vc_column][\/vc_row][vc_row][vc_column][gt3_spacing height=&#8221;32px&#8221;][\/vc_column][\/vc_row][vc_row full_width=&#8221;stretch_row_content&#8221; css=&#8221;.vc_custom_1698425969320{background-color: #0b5345 !important;}&#8221;][vc_column][gt3_spacing height=&#8221;16px&#8221;][\/vc_column][\/vc_row]\n<\/div>","protected":false},"excerpt":{"rendered":"<p>[vc_row][vc_column][vc_column_text] Se lib\u00e9rer de l&#8217;emprise [\/vc_column_text][vc_separator style=&#8221;shadow&#8221; border_width=&#8221;3&#8243; el_width=&#8221;40&#8243;][gt3_spacing height=&#8221;32px&#8221;][\/vc_column][\/vc_row][vc_row][vc_column width=&#8221;1\/4&#8243;][vc_single_image image=&#8221;1362&#8243; img_size=&#8221;medium&#8221; style=&#8221;vc_box_shadow_border&#8221;][\/vc_column][vc_column width=&#8221;3\/4&#8243;][vc_column_text]\u00ab\u00a0C\u2019est plus fort que moi, je le veux mais je n\u2019y arrive pas.\u00a0\u00bb Perdre du poids ou en prendre, accepter son corps et son image, remettre la nourriture \u00e0 sa juste place. Mais aussi mettre fin \u00e0 une relation toxique, sortir [&hellip;]<\/p>\n","protected":false},"author":1,"featured_media":0,"parent":0,"menu_order":0,"comment_status":"closed","ping_status":"closed","template":"","meta":{"footnotes":""},"class_list":["post-31","page","type-page","status-publish","hentry"],"_links":{"self":[{"href":"https:\/\/www.priscillecolletjean.com\/index.php\/wp-json\/wp\/v2\/pages\/31","targetHints":{"allow":["GET"]}}],"collection":[{"href":"https:\/\/www.priscillecolletjean.com\/index.php\/wp-json\/wp\/v2\/pages"}],"about":[{"href":"https:\/\/www.priscillecolletjean.com\/index.php\/wp-json\/wp\/v2\/types\/page"}],"author":[{"embeddable":true,"href":"https:\/\/www.priscillecolletjean.com\/index.php\/wp-json\/wp\/v2\/users\/1"}],"replies":[{"embeddable":true,"href":"https:\/\/www.priscillecolletjean.com\/index.php\/wp-json\/wp\/v2\/comments?post=31"}],"version-history":[{"count":9,"href":"https:\/\/www.priscillecolletjean.com\/index.php\/wp-json\/wp\/v2\/pages\/31\/revisions"}],"predecessor-version":[{"id":1518,"href":"https:\/\/www.priscillecolletjean.com\/index.php\/wp-json\/wp\/v2\/pages\/31\/revisions\/1518"}],"wp:attachment":[{"href":"https:\/\/www.priscillecolletjean.com\/index.php\/wp-json\/wp\/v2\/media?parent=31"}],"curies":[{"name":"wp","href":"https:\/\/api.w.org\/{rel}","templated":true}]}}