{"id":33,"date":"2023-09-23T16:49:23","date_gmt":"2023-09-23T14:49:23","guid":{"rendered":"https:\/\/www.priscillecolletjean.com\/?page_id=33"},"modified":"2024-12-23T11:02:29","modified_gmt":"2024-12-23T10:02:29","slug":"traverser-ses-emotions","status":"publish","type":"page","link":"https:\/\/www.priscillecolletjean.com\/index.php\/traverser-ses-emotions\/","title":{"rendered":"Traverser ses \u00e9motions"},"content":{"rendered":"<div class=\"wpb-content-wrapper\">[vc_row][vc_column][vc_column_text]\n<h1 style=\"text-align: center;\">Traverser ses \u00e9motions<\/h1>\n[\/vc_column_text][vc_separator style=&#8221;shadow&#8221; border_width=&#8221;3&#8243; el_width=&#8221;40&#8243;][gt3_spacing height=&#8221;32px&#8221;][\/vc_column][\/vc_row][vc_row][vc_column width=&#8221;1\/4&#8243;][vc_single_image image=&#8221;1530&#8243; img_size=&#8221;medium&#8221; style=&#8221;vc_box_shadow_border&#8221;][\/vc_column][vc_column width=&#8221;3\/4&#8243;][vc_column_text]La peur, la col\u00e8re, la tristesse, ces \u00e9motions sont si d\u00e9sagr\u00e9ables qu\u2019on essaie souvent de les tenir \u00e0 distance. Et pourtant, comme toutes les \u00e9motions elles ont leur utilit\u00e9 et permettent de s\u2019adapter \u00e0 de nouvelles situations.<\/p>\n<p>Les ignorer ne fera que les renforcer, cr\u00e9ant un d\u00e9s\u00e9quilibre qu\u2019il deviendra de plus en plus difficile \u00e0 r\u00e9guler seul. Apprendre \u00e0 les traverser, m\u00eame si cela est inconfortable est la bonne fa\u00e7on de les utiliser et de les mettre en perspective.<\/p>\n<p>Je vous accompagnerai sur ce chemin, pour soulager ces difficult\u00e9s et vous aider \u00e0 retrouver votre l\u2019autonomie.<\/p>\n[\/vc_column_text][\/vc_column][\/vc_row][vc_row][vc_column][gt3_spacing height=&#8221;32px&#8221;][\/vc_column][\/vc_row][vc_row full_width=&#8221;stretch_row&#8221; css=&#8221;.vc_custom_1696612657820{background-color: #0c5345 !important;}&#8221;][vc_column width=&#8221;1\/3&#8243;][gt3_custom_text text_color=&#8221;#5c656d&#8221; font_size=&#8221;16&#8243;]\n<h2><span style=\"color: #ffffff;\">Mes autres accompagnements :<\/span><\/h2>\n[\/gt3_custom_text][\/vc_column][vc_column width=&#8221;1\/3&#8243;][gt3_button button_title=&#8221;Voir aussi : Sortir du traumatisme&#8221; link=&#8221;url:https%3A%2F%2Fwww.priscillecolletjean.com%2Findex.php%2Fsortir-du-traumatisme%2F|title:Sortir%20du%20traumatisme&#8221;][\/vc_column][vc_column width=&#8221;1\/3&#8243;][gt3_button button_title=&#8221;Voir aussi : Se lib\u00e9rer de l&#8217;emprise&#8221; link=&#8221;url:https%3A%2F%2Fwww.priscillecolletjean.com%2Findex.php%2Fse-liberer-de-lemprise%2F|title:Sortir%20du%20traumatisme&#8221;][\/vc_column][\/vc_row][vc_row][vc_column][gt3_spacing height=&#8221;32px&#8221;][\/vc_column][\/vc_row][vc_row full_width=&#8221;stretch_row_content&#8221; css=&#8221;.vc_custom_1698425873469{background-color: #0b5345 !important;}&#8221;][vc_column][gt3_spacing height=&#8221;16px&#8221;][\/vc_column][\/vc_row]\n<\/div>","protected":false},"excerpt":{"rendered":"<p>[vc_row][vc_column][vc_column_text] Traverser ses \u00e9motions [\/vc_column_text][vc_separator style=&#8221;shadow&#8221; border_width=&#8221;3&#8243; el_width=&#8221;40&#8243;][gt3_spacing height=&#8221;32px&#8221;][\/vc_column][\/vc_row][vc_row][vc_column width=&#8221;1\/4&#8243;][vc_single_image image=&#8221;1530&#8243; img_size=&#8221;medium&#8221; style=&#8221;vc_box_shadow_border&#8221;][\/vc_column][vc_column width=&#8221;3\/4&#8243;][vc_column_text]La peur, la col\u00e8re, la tristesse, ces \u00e9motions sont si d\u00e9sagr\u00e9ables qu\u2019on essaie souvent de les tenir \u00e0 distance. Et pourtant, comme toutes les \u00e9motions elles ont leur utilit\u00e9 et permettent de s\u2019adapter \u00e0 de nouvelles situations. Les ignorer ne fera que [&hellip;]<\/p>\n","protected":false},"author":1,"featured_media":0,"parent":0,"menu_order":0,"comment_status":"closed","ping_status":"closed","template":"","meta":{"footnotes":""},"class_list":["post-33","page","type-page","status-publish","hentry"],"_links":{"self":[{"href":"https:\/\/www.priscillecolletjean.com\/index.php\/wp-json\/wp\/v2\/pages\/33","targetHints":{"allow":["GET"]}}],"collection":[{"href":"https:\/\/www.priscillecolletjean.com\/index.php\/wp-json\/wp\/v2\/pages"}],"about":[{"href":"https:\/\/www.priscillecolletjean.com\/index.php\/wp-json\/wp\/v2\/types\/page"}],"author":[{"embeddable":true,"href":"https:\/\/www.priscillecolletjean.com\/index.php\/wp-json\/wp\/v2\/users\/1"}],"replies":[{"embeddable":true,"href":"https:\/\/www.priscillecolletjean.com\/index.php\/wp-json\/wp\/v2\/comments?post=33"}],"version-history":[{"count":12,"href":"https:\/\/www.priscillecolletjean.com\/index.php\/wp-json\/wp\/v2\/pages\/33\/revisions"}],"predecessor-version":[{"id":1532,"href":"https:\/\/www.priscillecolletjean.com\/index.php\/wp-json\/wp\/v2\/pages\/33\/revisions\/1532"}],"wp:attachment":[{"href":"https:\/\/www.priscillecolletjean.com\/index.php\/wp-json\/wp\/v2\/media?parent=33"}],"curies":[{"name":"wp","href":"https:\/\/api.w.org\/{rel}","templated":true}]}}